{"id":1954,"date":"2023-03-02T09:06:26","date_gmt":"2023-03-02T09:06:26","guid":{"rendered":"https:\/\/www.inetcc.com\/?page_id=1954"},"modified":"2025-05-19T10:47:24","modified_gmt":"2025-05-19T10:47:24","slug":"dienstleistungen-zusatzliche","status":"publish","type":"page","link":"https:\/\/www.inetcc.com\/de\/dienstleistungen\/dienstleistungen-zusatzliche\/","title":{"rendered":"Zus\u00e4tzliche Dienstleistungen"},"content":{"rendered":"<pre><\/pre>\r\n\r\n<section id=\"service_clientele_header\" class=\"deligraph_block\">\r\n\t<div class=\"container\">\r\n\t\t<nav aria-label=\"Fil d'arianne\" id=\"breadcrumb\">\r\n\t\t\t<ol>\r\n\t\t\t\t<li>\r\n\t\t\t\t\tLeistungen\r\n\t\t\t\t<\/li>\r\n\t\t\t\t<li>\r\n\t\t\t\t\tZus\u00e4tzliche Dienstleistungen\r\n\t\t\t\t<\/li>\r\n\t\t\t<\/ol>\r\n\t\t<\/nav>\r\n\t\t<div class=\"header_content\">\r\n\t\t\t<div class=\"titling_container titling_container--bottom_line_left\">\r\n\t\t\t\t<h2 class=\"titling_container__title titling_container__title--big_size\">Zus\u00e4tzliche Dienstleistungen<br\/> <\/h2>\r\n\t\t\t\t<p class=\"titling_container__description titling_container__description--big-blue\">Zus\u00e4tzliche Dienstleistungen. INETcc widmet sich der Unterst\u00fctzung seiner Kunden bei der Verbesserung der Leistungsf\u00e4higkeit ihrer Kundendienst- und Support-Operationen. <br\/> <br\/> Wir bieten eine umfassende Palette von Dienstleistungen an, darunter Callcenter-Beratung, Sekretariatsdienste, Umfragen, Social-Media-Recherche, Datenbankunterst\u00fctzung und mehr.<\/p>\r\n\t\t\t<\/div>\r\n\r\n\t\t\t<div class=\"avantages\">\r\n\t\t\t\t<img decoding=\"async\" src=\"https:\/\/www.inetcc.com\/wp-content\/uploads\/2023\/03\/Icon_Expertise_Autres_Services_Green.svg\" class=\"thumbnail-page-icon wp-post-image\" alt=\"\" \/>\t\t\t\t<ul>\r\n\r\n\t\t\t\t\t\t\t\t\t\t<li>Back-Office &#8211; Dateneingabe<\/li>\r\n\t\t\t\t\t\t\t\t\t\t<li>Datenbank &#8211; OPTIN-Unterst\u00fctzung<\/li>\r\n\t\t\t\t\t\t\t\t\t\t<li>Social Media Research<\/li>\r\n\t\t\t\t\t\t\t\t\t\t<li>Telefonzentrale &#8211; Sekretariatsdienst<\/li>\r\n\t\t\t\t\t\t\t\t\t\t<li>Umfragen<\/li>\r\n\t\t\t\t\t\t\t\t\t\t<li>ASV \u2013 Logistik<\/li>\r\n\t\t\t\t\t\t\t\t\t<\/ul>\r\n\t\t\t<\/div>\r\n\t\t<\/div>\r\n\r\n\t<\/div>\r\n\r\n\r\n<\/section>\n\n\r\n<section id=\"service_clientele_autres_expertises\" class=\"deligraph_block\">\r\n\t<div class=\"container\">\r\n\t\t<div class=\"titling_container titling_container--left_line\">\r\n\t\t\t<h2 class=\"titling_container__title titling_container__title--medium_size\">Unsere anderen Experstisen<\/h2>\r\n\t\t<\/div>\r\n\r\n\t\t<div class=\"grid_container\">\r\n\t\t\t\t\t\t\t\t\t\t\t<div class=\"card_expertise bg-emerald-100\">\r\n\t\t\t\t\t<img decoding=\"async\" src=\"https:\/\/www.inetcc.com\/wp-content\/uploads\/2023\/03\/Icon_Expertise_Gestion_Campagne_Televente_Green.svg\" class=\"card_expertise__thumbnail wp-post-image\" alt=\"\" \/>\t\t\t\t\t<h3 class=\"card_expertise__title\">Kundenservice<\/h3>\r\n\t\t\t\t\t<p class=\"card_expertise__excerpt\">Hot Line &#8211; Vertriebsunterst\u00fctzung &#8211; Help Desk &#8211; Technische Unterst\u00fctzung &#8211; Chat &#038; E-Mail-Hilfe &#8211; Beschwerdemanagement &#8211; 24\/7 <\/p>\r\n\t\t\t\t<\/div>\r\n\r\n\t\t\t\t\t\t\t\t\t\t\t<div class=\"card_expertise bg-sky-100\">\r\n\t\t\t\t\t<img decoding=\"async\" src=\"https:\/\/www.inetcc.com\/wp-content\/uploads\/2023\/03\/Icon_Expertise_Technologie_Green-1.svg\" class=\"card_expertise__thumbnail wp-post-image\" alt=\"\" \/>\t\t\t\t\t<h3 class=\"card_expertise__title\">Technologie &#8211; Omnichannel-L\u00f6sung<\/h3>\r\n\t\t\t\t\t<p class=\"card_expertise__excerpt\">Dailer pr\u00e4diktiv &#8211; Chatbot &#8211; Whatsapp, Zendesk, Sales Force, FB Compliance &#8211; +30 Sprachen &#8211; Vertriebsmanagement &#8211; Berichte &#8211; QA automatischer Bericht<\/p>\r\n\t\t\t\t<\/div>\r\n\r\n\t\t\t\t\t\t\t\t\t\t\t<div class=\"card_expertise bg-yellow-100\">\r\n\t\t\t\t\t<img decoding=\"async\" src=\"https:\/\/www.inetcc.com\/wp-content\/uploads\/2023\/03\/Icon_Expertise_Fidelisation_Valorisation_Green.svg\" class=\"card_expertise__thumbnail wp-post-image\" alt=\"\" \/>\t\t\t\t\t<h3 class=\"card_expertise__title\">Soziale Medien<\/h3>\r\n\t\t\t\t\t<p class=\"card_expertise__excerpt\">\u00dcberwachung sozialer Medien &#8211; Moderation von Inhalten &#8211; SEO-SEM-Kampagnen &#8211; Erstellung von Inhalten (Video, Text, Pressemitteilung) <\/p>\r\n\t\t\t\t<\/div>\r\n\r\n\t\t\t\t\t\t\t\t\t\t\t<div class=\"card_expertise bg-violet-100\">\r\n\t\t\t\t\t<img decoding=\"async\" src=\"https:\/\/www.inetcc.com\/wp-content\/uploads\/2023\/03\/Icon_Expertise_Gestion_Campagne_Televente_Green.svg\" class=\"card_expertise__thumbnail wp-post-image\" alt=\"\" \/>\t\t\t\t\t<h3 class=\"card_expertise__title\">Leadgenerierung (Leads) Vertrieb \u2013 OPTIN<\/h3>\r\n\t\t\t\t\t<p class=\"card_expertise__excerpt\">Lead-Generierung (Call &#038; automatisch) &#8211; Inkasso (Call &#038; automatische L\u00f6sungen) &#8211; OPTIN &#8211; Vertrieb B2C &#038; B2B &#8211; Anti Churn &#8211; Retention<\/p>\r\n\t\t\t\t<\/div>\r\n\r\n\t\t\t\t\t\t\t\t\t\t\t<div class=\"card_expertise bg-violet-100\">\r\n\t\t\t\t\t<img decoding=\"async\" src=\"https:\/\/www.inetcc.com\/wp-content\/uploads\/2023\/04\/20230118_Icones_moderation_de_contenu.svg\" class=\"card_expertise__thumbnail wp-post-image\" alt=\"\" \/>\t\t\t\t\t<h3 class=\"card_expertise__title\">Digitale Dienstleistungen<\/h3>\r\n\t\t\t\t\t<p class=\"card_expertise__excerpt\">Verwaltung von Dokumenten &#8211; Einf\u00fcgen von Rechnungen &#8211; ATO-Verwaltung &#8211; Automatisches Inkasso &#8211; Automatisierung von Prozessen durch Roboter<\/p>\r\n\t\t\t\t<\/div>\r\n\r\n\t\t\t\t\t<\/div>\r\n\t<\/div>\r\n\r\n\r\n<\/section>","protected":false},"excerpt":{"rendered":"<p>Back Office Unterst\u00fctzung &#8211; Umfrage &#8211; Datenbank &#8211; Beratung &#8211; ASV logistic<\/p>\n","protected":false},"author":2,"featured_media":1155,"parent":1942,"menu_order":5,"comment_status":"closed","ping_status":"closed","template":"","meta":{"_acf_changed":false,"footnotes":""},"class_list":["post-1954","page","type-page","status-publish","has-post-thumbnail","hentry"],"acf":[],"_links":{"self":[{"href":"https:\/\/www.inetcc.com\/de\/wp-json\/wp\/v2\/pages\/1954","targetHints":{"allow":["GET"]}}],"collection":[{"href":"https:\/\/www.inetcc.com\/de\/wp-json\/wp\/v2\/pages"}],"about":[{"href":"https:\/\/www.inetcc.com\/de\/wp-json\/wp\/v2\/types\/page"}],"author":[{"embeddable":true,"href":"https:\/\/www.inetcc.com\/de\/wp-json\/wp\/v2\/users\/2"}],"replies":[{"embeddable":true,"href":"https:\/\/www.inetcc.com\/de\/wp-json\/wp\/v2\/comments?post=1954"}],"version-history":[{"count":11,"href":"https:\/\/www.inetcc.com\/de\/wp-json\/wp\/v2\/pages\/1954\/revisions"}],"predecessor-version":[{"id":5322,"href":"https:\/\/www.inetcc.com\/de\/wp-json\/wp\/v2\/pages\/1954\/revisions\/5322"}],"up":[{"embeddable":true,"href":"https:\/\/www.inetcc.com\/de\/wp-json\/wp\/v2\/pages\/1942"}],"wp:featuredmedia":[{"embeddable":true,"href":"https:\/\/www.inetcc.com\/de\/wp-json\/wp\/v2\/media\/1155"}],"wp:attachment":[{"href":"https:\/\/www.inetcc.com\/de\/wp-json\/wp\/v2\/media?parent=1954"}],"curies":[{"name":"wp","href":"https:\/\/api.w.org\/{rel}","templated":true}]}}