{"id":3247,"date":"2024-10-18T08:31:47","date_gmt":"2024-10-18T08:31:47","guid":{"rendered":"https:\/\/www.inetcc.com\/?page_id=3247"},"modified":"2026-04-27T14:51:54","modified_gmt":"2026-04-27T14:51:54","slug":"unserem-konsortium-beitreten","status":"publish","type":"page","link":"https:\/\/www.inetcc.com\/de\/unserem-konsortium-beitreten\/","title":{"rendered":"Unserem Konsortium beitreten"},"content":{"rendered":"\r\n\r\n<section class=\"page-header-cover deligraph_block\">\r\n\t\t<video autoplay muted loop class=\"page-header-cover__cover cover\">\r\n\t\t<source src=\"https:\/\/www.inetcc.com\/wp-content\/uploads\/2024\/12\/implantation_cover_1.mp4\" type=\"video\/mp4\">\r\n\t\tVotre navigateur ne supporte pas les vid\u00e9os HTML5.\r\n\t<\/video>\r\n\t\t<div class=\"page-header-cover__text-content\">\r\n\t\t<div class=\"titling_container titling_container--bottom_line_left\">\r\n\t\t\t<h1 class=\"titling_container__title titling_container__title--big_size\">Gemeinsam sind man st\u00e4rker<\/h1>\r\n\t\t\t<p class=\"titling_container__description\"><FONT size=\"4pt\"><em>&#8222;Das hat uns zum Erfolg verholfen. IBM hat uns eine <strong> \u00d6kosystemkultur <\/strong> gegeben, das hei\u00dft eine Kultur, die besagt, dass ein Unternehmen, auch wenn es in seiner Branche sehr gut ist, keine Chance hat, weltweit erfolgreich zu sein, wenn es kein Netzwerk von Partnern um sich herum aufbaut.&#8220; <\/em> <br\/> <\/FONT size=\"4pt\">\r\n<strong> Francis Bernard &#8211; <\/strong> Gr\u00fcnder von Dassault Systems <\/strong>\r\n<br\/> <br\/> <br\/> \r\n<FONT size=\"3pt\"> \u201eEin Konsortium ist eine Gruppe aus zwei oder mehr Unternehmen, die zusammenarbeiten, um ein gemeinsames Ziel zu erreichen. Unternehmen, die sich an einem Konsortium beteiligen, legen ihre Ressourcen zusammen, sind aber ansonsten nur f\u00fcr die Verpflichtungen verantwortlich, die in der Vereinbarung des Konsortiums festgelegt sind\u201c. <\/FONT size=\"3pt\"><\/p>\r\n\t\t<\/div>\r\n\t<\/div>\r\n<\/section>\n\n\n<figure class=\"wp-block-video\"><video height=\"2160\" style=\"aspect-ratio: 3840 \/ 2160;\" width=\"3840\" autoplay controls loop muted src=\"https:\/\/www.inetcc.com\/wp-content\/uploads\/2026\/03\/TEL-UVID-with-language-inkl-iNETcc-Logo-compressee.mp4\" playsinline><\/video><\/figure>\n\n\n\n<figure class=\"wp-block-video\"><video height=\"1080\" style=\"aspect-ratio: 1080 \/ 1080;\" width=\"1080\" autoplay controls loop muted src=\"https:\/\/www.inetcc.com\/wp-content\/uploads\/2025\/05\/Modern-5.mp4\" playsinline><\/video><\/figure>\n\n\n\n<figure class=\"wp-block-video\"><video height=\"1080\" style=\"aspect-ratio: 1920 \/ 1080;\" width=\"1920\" autoplay controls loop muted src=\"https:\/\/www.inetcc.com\/wp-content\/uploads\/2026\/04\/call-center.mp4\" playsinline><\/video><\/figure>\n\n\n\n<figure class=\"wp-block-video\"><video height=\"1080\" style=\"aspect-ratio: 1920 \/ 1080;\" width=\"1920\" autoplay controls loop muted src=\"https:\/\/www.inetcc.com\/wp-content\/uploads\/2025\/12\/Final-Version-TK-12-2025.mp4\" playsinline><\/video><\/figure>\n\n\n\n<figure class=\"wp-block-video\"><video height=\"1080\" style=\"aspect-ratio: 1920 \/ 1080;\" width=\"1920\" autoplay controls loop muted src=\"https:\/\/www.inetcc.com\/wp-content\/uploads\/2025\/01\/NNAPROJECT-3.mp4\" playsinline><\/video><\/figure>\n\n\n\n<figure class=\"wp-block-gallery has-nested-images columns-4 is-cropped wp-block-gallery-1 is-layout-flex wp-block-gallery-is-layout-flex\">\n<figure class=\"wp-block-image size-large\"><img loading=\"lazy\" decoding=\"async\" width=\"225\" height=\"307\" data-id=\"4617\" src=\"https:\/\/www.inetcc.com\/wp-content\/uploads\/2025\/01\/Natalie_Harutyunyan-v3.jpg\" alt=\"\" class=\"wp-image-4617\" srcset=\"https:\/\/www.inetcc.com\/wp-content\/uploads\/2025\/01\/Natalie_Harutyunyan-v3.jpg 225w, https:\/\/www.inetcc.com\/wp-content\/uploads\/2025\/01\/Natalie_Harutyunyan-v3-220x300.jpg 220w\" sizes=\"auto, (max-width: 225px) 100vw, 225px\" \/><\/figure>\n\n\n\n<figure class=\"wp-block-image size-large\"><img loading=\"lazy\" decoding=\"async\" width=\"1024\" height=\"768\" data-id=\"2795\" src=\"https:\/\/www.inetcc.com\/wp-content\/uploads\/2024\/04\/D8F88A4C-7013-45DB-A591-C00CC76A6DF8-1024x768.jpg\" alt=\"\" class=\"wp-image-2795\" srcset=\"https:\/\/www.inetcc.com\/wp-content\/uploads\/2024\/04\/D8F88A4C-7013-45DB-A591-C00CC76A6DF8-1024x768.jpg 1024w, https:\/\/www.inetcc.com\/wp-content\/uploads\/2024\/04\/D8F88A4C-7013-45DB-A591-C00CC76A6DF8-300x225.jpg 300w, https:\/\/www.inetcc.com\/wp-content\/uploads\/2024\/04\/D8F88A4C-7013-45DB-A591-C00CC76A6DF8-768x576.jpg 768w, https:\/\/www.inetcc.com\/wp-content\/uploads\/2024\/04\/D8F88A4C-7013-45DB-A591-C00CC76A6DF8-1536x1152.jpg 1536w, https:\/\/www.inetcc.com\/wp-content\/uploads\/2024\/04\/D8F88A4C-7013-45DB-A591-C00CC76A6DF8.jpg 2048w\" sizes=\"auto, (max-width: 1024px) 100vw, 1024px\" \/><\/figure>\n\n\n\n<figure class=\"wp-block-image size-large\"><img loading=\"lazy\" decoding=\"async\" width=\"1024\" height=\"768\" data-id=\"1242\" src=\"https:\/\/www.inetcc.com\/wp-content\/uploads\/2023\/05\/Daythree1-1024x768.jpg\" alt=\"\" class=\"wp-image-1242\" srcset=\"https:\/\/www.inetcc.com\/wp-content\/uploads\/2023\/05\/Daythree1-1024x768.jpg 1024w, https:\/\/www.inetcc.com\/wp-content\/uploads\/2023\/05\/Daythree1-300x225.jpg 300w, https:\/\/www.inetcc.com\/wp-content\/uploads\/2023\/05\/Daythree1-768x576.jpg 768w, https:\/\/www.inetcc.com\/wp-content\/uploads\/2023\/05\/Daythree1-1536x1152.jpg 1536w, https:\/\/www.inetcc.com\/wp-content\/uploads\/2023\/05\/Daythree1-2048x1536.jpg 2048w\" sizes=\"auto, (max-width: 1024px) 100vw, 1024px\" \/><\/figure>\n\n\n\n<figure class=\"wp-block-image size-large\"><img loading=\"lazy\" decoding=\"async\" width=\"1024\" height=\"623\" data-id=\"1623\" src=\"https:\/\/www.inetcc.com\/wp-content\/uploads\/2022\/10\/Matbao4-1024x623.jpg\" alt=\"\" class=\"wp-image-1623\" srcset=\"https:\/\/www.inetcc.com\/wp-content\/uploads\/2022\/10\/Matbao4-1024x623.jpg 1024w, https:\/\/www.inetcc.com\/wp-content\/uploads\/2022\/10\/Matbao4-300x183.jpg 300w, https:\/\/www.inetcc.com\/wp-content\/uploads\/2022\/10\/Matbao4-768x467.jpg 768w, https:\/\/www.inetcc.com\/wp-content\/uploads\/2022\/10\/Matbao4.jpg 1080w\" sizes=\"auto, (max-width: 1024px) 100vw, 1024px\" \/><\/figure>\n\n\n\n<figure class=\"wp-block-image size-large\"><img loading=\"lazy\" decoding=\"async\" width=\"701\" height=\"450\" data-id=\"1831\" src=\"https:\/\/www.inetcc.com\/wp-content\/uploads\/2023\/06\/colombia.png\" alt=\"\" class=\"wp-image-1831\" srcset=\"https:\/\/www.inetcc.com\/wp-content\/uploads\/2023\/06\/colombia.png 701w, https:\/\/www.inetcc.com\/wp-content\/uploads\/2023\/06\/colombia-300x193.png 300w\" sizes=\"auto, (max-width: 701px) 100vw, 701px\" \/><\/figure>\n\n\n\n<figure class=\"wp-block-image size-large\"><img loading=\"lazy\" decoding=\"async\" width=\"392\" height=\"261\" data-id=\"2633\" src=\"https:\/\/www.inetcc.com\/wp-content\/uploads\/2023\/12\/Employe-espagnol.jpg\" alt=\"\" class=\"wp-image-2633\" srcset=\"https:\/\/www.inetcc.com\/wp-content\/uploads\/2023\/12\/Employe-espagnol.jpg 392w, https:\/\/www.inetcc.com\/wp-content\/uploads\/2023\/12\/Employe-espagnol-300x200.jpg 300w\" sizes=\"auto, (max-width: 392px) 100vw, 392px\" \/><\/figure>\n\n\n\n<figure class=\"wp-block-image size-large\"><img loading=\"lazy\" decoding=\"async\" width=\"1024\" height=\"683\" data-id=\"6101\" src=\"https:\/\/www.inetcc.com\/wp-content\/uploads\/2025\/12\/IMG_8389-1024x683.jpg\" alt=\"\" class=\"wp-image-6101\" srcset=\"https:\/\/www.inetcc.com\/wp-content\/uploads\/2025\/12\/IMG_8389-1024x683.jpg 1024w, https:\/\/www.inetcc.com\/wp-content\/uploads\/2025\/12\/IMG_8389-300x200.jpg 300w, https:\/\/www.inetcc.com\/wp-content\/uploads\/2025\/12\/IMG_8389-768x512.jpg 768w, https:\/\/www.inetcc.com\/wp-content\/uploads\/2025\/12\/IMG_8389-1536x1024.jpg 1536w, https:\/\/www.inetcc.com\/wp-content\/uploads\/2025\/12\/IMG_8389-2048x1365.jpg 2048w\" sizes=\"auto, (max-width: 1024px) 100vw, 1024px\" \/><\/figure>\n\n\n\n<figure class=\"wp-block-image size-large\"><img loading=\"lazy\" decoding=\"async\" width=\"796\" height=\"1024\" data-id=\"6614\" src=\"https:\/\/www.inetcc.com\/wp-content\/uploads\/2026\/03\/v3-jpg-796x1024.jpg\" alt=\"\" class=\"wp-image-6614\" srcset=\"https:\/\/www.inetcc.com\/wp-content\/uploads\/2026\/03\/v3-jpg-796x1024.jpg 796w, https:\/\/www.inetcc.com\/wp-content\/uploads\/2026\/03\/v3-jpg-233x300.jpg 233w, https:\/\/www.inetcc.com\/wp-content\/uploads\/2026\/03\/v3-jpg-768x987.jpg 768w, https:\/\/www.inetcc.com\/wp-content\/uploads\/2026\/03\/v3-jpg-1195x1536.jpg 1195w, https:\/\/www.inetcc.com\/wp-content\/uploads\/2026\/03\/v3-jpg-1593x2048.jpg 1593w, https:\/\/www.inetcc.com\/wp-content\/uploads\/2026\/03\/v3-jpg.jpg 1792w\" sizes=\"auto, (max-width: 796px) 100vw, 796px\" \/><\/figure>\n<\/figure>\n\n\n\n<p class=\"has-text-align-center\"><\/p>\n\n\n\r\n<section id=\"accordion_section\" class=\"deligraph_block\">\r\n\t<div class=\"container\">\r\n\t\t<div class=\"titling_container titling_container--left_line\">\r\n\t\t\t<h2 class=\"titling_container__title  titling_container__title--medium_size\">Wesentliche Merkmale:<\/h2>\r\n\t\t<\/div>\r\n\t\t<div class=\"section_description\"><p>1- Schaffung eines globalen Umfelds f\u00fcr jedes AFFILIATE Unternehmen, um seine Wettbewerbsf\u00e4higkeit durch den Austausch bew\u00e4hrter Verfahren und die Standardisierung von Betriebsmodellen anderer AFFILIATE Unternehmen in der ganzen Welt zu steigern.<\/p>\n<p>2- Zugang zu gr\u00f6\u00dferen und globalen K\u00e4ufern durch St\u00e4rkung des multiterritorialen und mehrsprachigen Angebots, das von einem AFFILIAT allein nicht erreicht werden k\u00f6nnte, was die F\u00f6rderung der Dienstleistungen des AFFILIATS im Internet und in den sozialen Medien von iNETcc, die Erstellung einer Landing Page in Bezug auf das Land des AFFILIATS, F\u00e4higkeiten und Kundenempfehlungen beinhalten kann.<\/p>\n<p>F\u00fcr weitere Informationen senden Sie uns bitte eine Nachricht an: <strong> <FONT size=\"5pt\"> consortium@inetcc.com <\/strong><\/p>\n<\/div>\r\n\t\t<div class=\"accordions_container\">\r\n\r\n\t\t\t\t\t<\/div>\r\n\t<\/div>\r\n\r\n\r\n\r\n\r\n<\/section>","protected":false},"excerpt":{"rendered":"","protected":false},"author":2,"featured_media":3245,"parent":0,"menu_order":0,"comment_status":"closed","ping_status":"closed","template":"","meta":{"_acf_changed":false,"footnotes":""},"class_list":["post-3247","page","type-page","status-publish","has-post-thumbnail","hentry"],"acf":[],"_links":{"self":[{"href":"https:\/\/www.inetcc.com\/de\/wp-json\/wp\/v2\/pages\/3247","targetHints":{"allow":["GET"]}}],"collection":[{"href":"https:\/\/www.inetcc.com\/de\/wp-json\/wp\/v2\/pages"}],"about":[{"href":"https:\/\/www.inetcc.com\/de\/wp-json\/wp\/v2\/types\/page"}],"author":[{"embeddable":true,"href":"https:\/\/www.inetcc.com\/de\/wp-json\/wp\/v2\/users\/2"}],"replies":[{"embeddable":true,"href":"https:\/\/www.inetcc.com\/de\/wp-json\/wp\/v2\/comments?post=3247"}],"version-history":[{"count":57,"href":"https:\/\/www.inetcc.com\/de\/wp-json\/wp\/v2\/pages\/3247\/revisions"}],"predecessor-version":[{"id":6920,"href":"https:\/\/www.inetcc.com\/de\/wp-json\/wp\/v2\/pages\/3247\/revisions\/6920"}],"wp:featuredmedia":[{"embeddable":true,"href":"https:\/\/www.inetcc.com\/de\/wp-json\/wp\/v2\/media\/3245"}],"wp:attachment":[{"href":"https:\/\/www.inetcc.com\/de\/wp-json\/wp\/v2\/media?parent=3247"}],"curies":[{"name":"wp","href":"https:\/\/api.w.org\/{rel}","templated":true}]}}