{"id":1351,"date":"2023-02-27T08:49:17","date_gmt":"2023-02-27T08:49:17","guid":{"rendered":"https:\/\/www.inetcc.com\/?page_id=1351"},"modified":"2026-01-20T16:16:19","modified_gmt":"2026-01-20T16:16:19","slug":"about-inetcc-inetcc-call-center-features","status":"publish","type":"page","link":"https:\/\/www.inetcc.com\/en\/about-inetcc-inetcc-call-center-features\/","title":{"rendered":"About INETcc"},"content":{"rendered":"\r\n\r\n<section class=\"page-header-cover deligraph_block\">\r\n\t\t<video autoplay muted loop class=\"page-header-cover__cover cover\">\r\n\t\t<source src=\"https:\/\/www.inetcc.com\/wp-content\/uploads\/2024\/12\/head_cover_1.mp4\" type=\"video\/mp4\">\r\n\t\tVotre navigateur ne supporte pas les vid\u00e9os HTML5.\r\n\t<\/video>\r\n\t\t<div class=\"page-header-cover__text-content\">\r\n\t\t<div class=\"titling_container titling_container--bottom_line_left\">\r\n\t\t\t<h1 class=\"titling_container__title titling_container__title--big_size\"><center> iNETcc Multilingual CX expert features <center><\/h1>\r\n\t\t\t<p class=\"titling_container__description\">iNETcc, established in 2000, is a worldwide expert in Multilingual Customer Relationship Management. <br\/> <br\/>\r\n\r\nWe manage Multilingual Customer Services- Lead Generation &#8211; Outbound calls (OPTIN, sales, appointments, sruvey) &#8211; Non Voice &#038; Digital Services &#8211; Content Moderation &#8211; SEO\/SEM in 35+ languages.<br\/>\r\n<br\/>\r\nGlobal Presence &#8211; Local Production <br\/>\r\n<br\/>\r\nWe have sites in 20+ Countries and we provide 35+ Languages <\/p>\r\n\t\t<\/div>\r\n\t<\/div>\r\n<\/section>\n\n<!-- NOTRE ESPRIT  -->\r\n\r\n<section class=\"qui-est-inet__notre-esprit deligraph_block\">\r\n\t\t<div class=\"text_content\">\r\n\r\n\t\t<div class=\"titling_container titling_container--bottom_line_left\">\r\n\t\t\t<h2 class=\"titling_container__title  titling_container__title--medium_size\">Message from the President<\/h2>\r\n\t\t<\/div>\r\n\t\t<p class=\"chapo\"><\/p>\r\n\t\t<p>INETcc, founded in 2000, originally offered telesales services mainly in the publishing sector.<br \/>\r\nFrom 2010 onwards, due to growing demand for services in different languages, I began travelling around Europe to offer locally well-positioned companies the opportunity to collaborate on these multilingual projects.<br \/>\r\nThe network gradually evolved into a consortium built around an affiliation agreement.<br \/>\r\niNETcc then expanded its presence in Asia in 2019 and to the American continent the following year.<br \/>\r\nI would like to thank all our affiliates for the trust they place in our group and the work they do on a daily basis. <br \/>\r\nI would also like to thank our technology partners who contribute their expertise in digital services and AI and our commercial partners for their involvement, which allows us to benefit from management that is closely attuned to the specificities of each market.<br \/>\r\nOur teams are ready to share our expertise in CX with you.<br \/>\r\n<br \/>\r\nBest regards<br \/>\r\n<br \/>\r\nDenis Guittet &#8211; CEO<br \/>\r\n<\/p>\r\n\t<\/div>\r\n\r\n\t<img decoding=\"async\" src=\"https:\/\/www.inetcc.com\/wp-content\/uploads\/2023\/04\/Denis_Guittet_recadre_2.webp\" alt=\"\">\r\n<\/section>\r\n\r\n<!-- NOTRE HISTOIRE  -->\r\n<section class=\"qui-est-inet__notre_histoire deligraph_block\">\r\n\t\t<div class=\"bg_wave bg_wave--top\">\r\n\t\t<img src='https:\/\/www.inetcc.com\/wp-content\/themes\/deligraph_inetcc\/resources\/svg\/waves\/wave_implantations_top.svg' alt=''>\r\n\t<\/div>\r\n\t<div class=\"titling_container titling_container--bottom_line_centered\">\r\n\t\t<h2 class=\"titling_container__title  titling_container__title--medium_size\">Our history<\/h2>\r\n\t<\/div>\r\n\r\n\t<div class=\"history_container\">\r\n\t\t\t\t<div class=\"date\">\r\n\t\t\t<time>2000<\/time>\r\n\t\t\t<p>Establishement of INETcc France &#038; Belgium<\/p>\r\n\t\t<\/div>\r\n\t\t\t\t<div class=\"date\">\r\n\t\t\t<time>2001<\/time>\r\n\t\t\t<p>Start of high volume of production for publishing key players in France, Belgium and Switzerland<\/p>\r\n\t\t<\/div>\r\n\t\t\t\t<div class=\"date\">\r\n\t\t\t<time>2003<\/time>\r\n\t\t\t<p>Start of the production in German &#038; in The Nerthelands<\/p>\r\n\t\t<\/div>\r\n\t\t\t\t<div class=\"date\">\r\n\t\t\t<time>2005<\/time>\r\n\t\t\t<p>First multilingual projects<\/p>\r\n\t\t<\/div>\r\n\t\t\t\t<div class=\"date\">\r\n\t\t\t<time>2007<\/time>\r\n\t\t\t<p>First study regarding the potential establishement of an alliance of european call center<\/p>\r\n\t\t<\/div>\r\n\t\t\t\t<div class=\"date\">\r\n\t\t\t<time>2008<\/time>\r\n\t\t\t<p>Launch of the european network with 2 other partners<\/p>\r\n\t\t<\/div>\r\n\t\t\t\t<div class=\"date\">\r\n\t\t\t<time>2009<\/time>\r\n\t\t\t<p>The brand INETcc is launched<\/p>\r\n\t\t<\/div>\r\n\t\t\t\t<div class=\"date\">\r\n\t\t\t<time>2009 \u2014 2013<\/time>\r\n\t\t\t<p>Increase of the volume of production in parallel with the recruitment of new partners in Europe and Africa.<\/p>\r\n\t\t<\/div>\r\n\t\t\t\t<div class=\"date\">\r\n\t\t\t<time>2014<\/time>\r\n\t\t\t<p>Increase of the network in Africa &#038; East Europe<\/p>\r\n\t\t<\/div>\r\n\t\t\t\t<div class=\"date\">\r\n\t\t\t<time>2015<\/time>\r\n\t\t\t<p>Increase of 100% of the volume of production vs 2014<\/p>\r\n\t\t<\/div>\r\n\t\t\t\t<div class=\"date\">\r\n\t\t\t<time>2016<\/time>\r\n\t\t\t<p>Agreement of collaboration with partners in Italy, Germany and Russia.<\/p>\r\n\t\t<\/div>\r\n\t\t\t\t<div class=\"date\">\r\n\t\t\t<time>2017<\/time>\r\n\t\t\t<p>Launch of the production in Asia &#8211; Hong-Kong &#038; Australia . \r\n\r\nCes deux \u00e9v\u00e8nements montrent de fait la part croissante du continent asiatique pour INETcc que ce soit au niveau des donneurs d\u2019ordre ou au niveau de la production.<\/p>\r\n\t\t<\/div>\r\n\t\t\t\t<div class=\"date\">\r\n\t\t\t<time>2019-2020<\/time>\r\n\t\t\t<p>In order to increase its capacity of production in Asia, INETcc started the collaboration with MPG Group, japanese company.\r\nBoth companies decided to merge their network.\r\nEstablishement of GBA Global BPO Solutions with headquarter in Japan.\r\n\r\nLe nouveau groupe s\u2019appelle GBA CALLCENTER, les informations sont disponibles sur le site: www.gbacallcenter.com<\/p>\r\n\t\t<\/div>\r\n\t\t\t\t<div class=\"date\">\r\n\t\t\t<time>2021<\/time>\r\n\t\t\t<p>High increase of the production with the launch of the production in China and Philippines for US market.\r\n\r\nINETcc dispose aujourd\u2019hui d\u2019une capacit\u00e9 de production dans 30 langues \u00e0 travers le monde. Les partenariats nou\u00e9s \u00e9galement au niveau technologique vont permettre d\u2019\u00e9tendre l\u2019offre de services.<\/p>\r\n\t\t<\/div>\r\n\t\t\t\t<div class=\"date\">\r\n\t\t\t<time>2022<\/time>\r\n\t\t\t<p>The volume of production has increased of about 200% vs 2021.\r\nIn the meantime, we have extended our Consortium to affiliates in Africa and Asia.<\/p>\r\n\t\t<\/div>\r\n\t\t\t\t<div class=\"date\">\r\n\t\t\t<time>2023<\/time>\r\n\t\t\t<p>The organisation of iNETcc has evolved in order to optimise our offer. iNETcc has become a CONSORTIUM of BPO Call Center companies.\r\n <br\/>\r\nThere are several advantages for our customers and affiliates:\r\n<br\/>\r\n1. An organisation better adapted to the specific nature of the projects we manage.<br\/>\r\n2. More transparency for our customers and affiliates.<br\/>\r\n3. Higher flexibility in project implementation.<br\/>\r\n4. Better visibility.<\/p>\r\n\t\t<\/div>\r\n\t\t\t\t<div class=\"date\">\r\n\t\t\t<time>2024<\/time>\r\n\t\t\t<p>We wish all our customers, affiliates and partners and their respective teams a very happy new year 2025.\r\n<br\/>\r\nNew affiliates from 3 different continents have joined us in 2024 &#8211; Malaysia, Armenia, Poland &#038; Brazil &#8211; we thank them for their trust and welcome them to our consortium.<br\/>\r\nThese new locations allows iNETcc to expand its offering in terms of languages \u200b\u200band services.<\/p>\r\n\t\t<\/div>\r\n\t\t\t\t<div class=\"date\">\r\n\t\t\t<time>2025<\/time>\r\n\t\t\t<p>We wish all our clients, affiliates, partners and their respective teams a very happy New Year 2026. \r\n<br\/>\r\n<br\/>\r\nThree new affiliates joined us over 2025: <br\/>\r\n&#8211; <strong> Germany <\/strong>: this,affiliate is bringing to iNETcc a strong expertise in sourcing specific profiles, particularly for so-called \u2018niche\u2019 languages.\r\n<br\/>\r\n&#8211; <strong> Romania <\/strong>: this affiliate has a significant expertise in managing multilingual customer services, particularly Latin languages.\r\n<br\/>\r\n&#8211; <strong> India <\/strong> : a partner with a high expertise in digital services and domestic CX projects. \r\n<br\/>\r\nIndia is a very important market for our industry due to its fast growing domestic business, the expertise for digital services and AI but also its position between Asia and Europe. <br\/>\r\n<br\/>\r\nIn addition, several new projects were launched at the end of 2025, including a CX for one of the e.commerce world key players, this project should have a significant impact on our revenue in 2026.<\/p>\r\n\t\t<\/div>\r\n\t\t\r\n\t<\/div>\r\n\t<div class=\"bg_wave bg_wave--bottom\">\r\n\t\t<img src='https:\/\/www.inetcc.com\/wp-content\/themes\/deligraph_inetcc\/resources\/svg\/waves\/wave_implantations_bottom.svg' alt=''>\r\n\t<\/div>\r\n<\/section>\r\n\r\n<!-- NOS VALEURS  -->\r\n<section class=\"qui-est-inet__nos_valeurs deligraph_block\">\r\n\t\r\n\t<div class=\"titling_container titling_container--bottom_line_centered\">\r\n\t\t<h2 class=\"titling_container__title  titling_container__title--medium_size\">INETcc key values<\/h2>\r\n\t<\/div>\r\n\t<ul class=\"grid_values\">\r\n\r\n\t\t\t\t<li class=\"value\">\r\n\t\t\t<h6>1 <\/h6>\r\n\t\t\t<h3>Collaboration with call center partners<\/h3>\r\n\t\t\t<p>INETcc is working together with affiliates of the consortium worldwide; we share skills &#038; experience.<\/p>\r\n\t\t<\/li>\r\n\t\t\t\t<li class=\"value\">\r\n\t\t\t<h6>2 <\/h6>\r\n\t\t\t<h3>Social responsability<\/h3>\r\n\t\t\t<p>INETcc cares about the labour conditions of its collaborators; social responsability = low attrition = quality of work.<\/p>\r\n\t\t<\/li>\r\n\t\t\t\t<li class=\"value\">\r\n\t\t\t<h6>3 <\/h6>\r\n\t\t\t<h3>Transparency<\/h3>\r\n\t\t\t<p>INETcc delivers all information regarding the production through reports.<\/p>\r\n\t\t<\/li>\r\n\t\t\t\t<li class=\"value\">\r\n\t\t\t<h6>4 <\/h6>\r\n\t\t\t<h3>Follow-up of our customers<\/h3>\r\n\t\t\t<p>INETcc offers non -stop support to its customers throught reports, assessment of their projects&#8230;.<\/p>\r\n\t\t<\/li>\r\n\t\t\t<\/ul>\r\n\r\n\t<a class=\"cta cta_contour_secondary arrow\" href=\"https:\/\/sa-intl.org\/%20\" target=\"_blank\" rel=\"noopener\">\r\n\t\tAbout SA8000\t<\/a>\r\n\r\n<\/section>\r\n\r\n\r\n\r\n<!-- NOS EXPERTS  -->\r\n\r\n\r\n<section class=\"nos_experts deligraph_block\">\r\n\t<div class=\"titling_container titling_container--bottom_line_centered\">\r\n\t\t<h2 class=\"titling_container__title titling_container__title--medium_size\">Our experts<\/h2>\r\n\t<\/div>\r\n\t<div class=\"experts_container\">\r\n\t\t<img class=\"wave\" src='https:\/\/www.inetcc.com\/wp-content\/themes\/deligraph_inetcc\/resources\/img\/waves\/wave_inside_experts_white_gr.webp' alt='decorative background wave element'>\r\n\t\t<div class=\"experts_grid\">\r\n\t\t\t\t\t\t\t<div class=\"expert\">\r\n\t\t\t\t\t<img decoding=\"async\" class=\"photo\" src=\"https:\/\/www.inetcc.com\/wp-content\/uploads\/2023\/04\/Denis_Guittet_recadre_2.webp\" alt=\"\">\r\n\t\t\t\t\t<h5 class=\"name\">Denis Guittet<\/h5>\r\n\t\t\t\t\t<h6 class=\"position\">CEO INETcc <\/h6>\r\n\t\t\t\t\t<p class=\"description\">Master degree &#8220;Sciences-Economiques&#8221; University of Nantes (France) &#038; &#8220;Licenciatura Empresariales&#8221; University of Salamanca (Spain) <br> \r\nFounder and CEO of iNETcc &#038; co-founder of GBA Global BPO Alliance <br>\r\nMember of board of Tcontakto Peru <br>\r\n+30 years experience in International BPO CX Industry<\/p>\r\n\t\t\t\t<\/div>\r\n\t\t\t\t\t\t\t<div class=\"expert\">\r\n\t\t\t\t\t<img decoding=\"async\" class=\"photo\" src=\"https:\/\/www.inetcc.com\/wp-content\/uploads\/2026\/03\/Foto-Frau-Herrgesell-v2-1-scaled.jpg\" alt=\"\">\r\n\t\t\t\t\t<h5 class=\"name\">Elfriede Herrgesell<\/h5>\r\n\t\t\t\t\t<h6 class=\"position\">Founder &#038; Senior Advisor Austria<\/h6>\r\n\t\t\t\t\t<p class=\"description\">With over three decades of experience in customer service, Elfriede Herrgesell built and shaped Telepower and continues to lead the company today. Her deep understanding of customer communication, sales, service quality and sustainable customer relationships forms the foundation of the company. <\/p>\r\n\t\t\t\t<\/div>\r\n\t\t\t\t\t\t\t<div class=\"expert\">\r\n\t\t\t\t\t<img decoding=\"async\" class=\"photo\" src=\"https:\/\/www.inetcc.com\/wp-content\/uploads\/2025\/01\/Natalie_Harutyunyan-v4-1.jpg\" alt=\"\">\r\n\t\t\t\t\t<h5 class=\"name\">Natalie Harutyunyan<\/h5>\r\n\t\t\t\t\t<h6 class=\"position\">General Manager Armenia<\/h6>\r\n\t\t\t\t\t<p class=\"description\">Outsourcing &#038; IT Expert &#8211; Dynamic executive with deep expertise in IT services, global outsourcing operations, and scalable business strategy. Leads with a strong focus on innovation, operational excellence, and high-performance team building. <br>\r\nArmenian &#8211; English &#8211; Italian &#8211; Russian<\/p>\r\n\t\t\t\t<\/div>\r\n\t\t\t\t\t\t\t<div class=\"expert\">\r\n\t\t\t\t\t<img decoding=\"async\" class=\"photo\" src=\"https:\/\/www.inetcc.com\/wp-content\/uploads\/2025\/04\/Luana-Beni-v2-scaled.jpg\" alt=\"\">\r\n\t\t\t\t\t<h5 class=\"name\">Luana Beni<\/h5>\r\n\t\t\t\t\t<h6 class=\"position\">Sales Manager Italy<\/h6>\r\n\t\t\t\t\t<p class=\"description\">Has worked in the BPO sector for over 20 years. Has held key positions in the commercial division of major players in the sector, leading him to progress to management roles in sales. Specialist in launching strategic services in the finance and public services sectors, as well as supporting technological transformation.<\/p>\r\n\t\t\t\t<\/div>\r\n\t\t\t\t\t\t\t<div class=\"expert\">\r\n\t\t\t\t\t<img decoding=\"async\" class=\"photo\" src=\"https:\/\/www.inetcc.com\/wp-content\/uploads\/2026\/04\/Rudy.jpg\" alt=\"\">\r\n\t\t\t\t\t<h5 class=\"name\">Rudy Singh Parmar<\/h5>\r\n\t\t\t\t\t<h6 class=\"position\">Head Of Sales &#8211; CX Management India<\/h6>\r\n\t\t\t\t\t<p class=\"description\">Rudy brings over 20 years of experience in the services industry and currently leads Sales for CX Management at iNETcc affiliate in India. <br>\r\nRudy is passionate about scaling businesses, expanding into new markets, and delivering value-driven outcomes in a fast-paced, global environment.<\/p>\r\n\t\t\t\t<\/div>\r\n\t\t\t\t\t\t\t<div class=\"expert\">\r\n\t\t\t\t\t<img decoding=\"async\" class=\"photo\" src=\"https:\/\/www.inetcc.com\/wp-content\/uploads\/2025\/12\/Prashant.jpeg\" alt=\"\">\r\n\t\t\t\t\t<h5 class=\"name\">Prashanth Reddy<\/h5>\r\n\t\t\t\t\t<h6 class=\"position\">Germany &#8211; Expert sourcing and management multilingual projects<\/h6>\r\n\t\t\t\t\t<p class=\"description\">Customer operations leader with over five years of experience in the BPO sector, specializing in the development and management of multilingual support functions. <br>\r\nTelugu &#8211; Hindi &#8211; English &#8211; German<\/p>\r\n\t\t\t\t<\/div>\r\n\t\t\t\t\t\t\t<div class=\"expert\">\r\n\t\t\t\t\t<img decoding=\"async\" class=\"photo\" src=\"https:\/\/www.inetcc.com\/wp-content\/uploads\/2025\/04\/Cosmin-Raducu.jpeg\" alt=\"\">\r\n\t\t\t\t\t<h5 class=\"name\">Cosmin Raducu<\/h5>\r\n\t\t\t\t\t<h6 class=\"position\">General Manager Romania<\/h6>\r\n\t\t\t\t\t<p class=\"description\">With a particular focus on international accounts, Cosmin has 20 years of expertise in BPO industry, with 17 years in leadership positions. <br> \r\nHe has led operations and client management in Romania across multiple sites, including international accounts <br> \r\nRomanian &#8211; Italian &#8211; English<\/p>\r\n\t\t\t\t<\/div>\r\n\t\t\t\t\t\t\t<div class=\"expert\">\r\n\t\t\t\t\t<img decoding=\"async\" class=\"photo\" src=\"https:\/\/www.inetcc.com\/wp-content\/uploads\/2024\/04\/Sivanesh-Mohan-Corporate-Picture-Original.jpeg\" alt=\"\">\r\n\t\t\t\t\t<h5 class=\"name\">Sivanesh Mohan<\/h5>\r\n\t\t\t\t\t<h6 class=\"position\">Senior Director, Strategy &#038; Partnership Malaysia<\/h6>\r\n\t\t\t\t\t<p class=\"description\">Chartered Accountant turned strategic growth leader, with deep expertise in corporate finance, customer experience (CX) and regional go-to-market (GTM) strategy mapping. His leadership spans across CX strategy &#038; transformation, complex commercial engagements, risk &#038; compliance and P&#038;L ownership.<\/p>\r\n\t\t\t\t<\/div>\r\n\t\t\t\t\t\t\t<div class=\"expert\">\r\n\t\t\t\t\t<img decoding=\"async\" class=\"photo\" src=\"https:\/\/www.inetcc.com\/wp-content\/uploads\/2024\/04\/photo-of-Syoko-Kitagawa-scaled.jpg\" alt=\"\">\r\n\t\t\t\t\t<h5 class=\"name\">Shoko Kitagawa<\/h5>\r\n\t\t\t\t\t<h6 class=\"position\">Managing Director Japan<\/h6>\r\n\t\t\t\t\t<p class=\"description\">+ 25 years of experience in BPO call center industry. In charge of both Domestic BPO business and Sales. <br>\r\nJapanese &#8211; English<\/p>\r\n\t\t\t\t<\/div>\r\n\t\t\t\t\t\t\t<div class=\"expert\">\r\n\t\t\t\t\t<img decoding=\"async\" class=\"photo\" src=\"https:\/\/www.inetcc.com\/wp-content\/uploads\/2024\/04\/Yuan-Wang.jpg\" alt=\"\">\r\n\t\t\t\t\t<h5 class=\"name\">Wang Yuan<\/h5>\r\n\t\t\t\t\t<h6 class=\"position\">General Manager China<\/h6>\r\n\t\t\t\t\t<p class=\"description\">+25 years of experience in BPO industry. Graduated from Reitaku University with a Major in International Business Operation Research (Master&#8217;s degree). Contributed in establishing the office in China in Beijing, Hefei\uff06 Zhangjiakou. <br> \r\nBilingual Mandarin &#038; Japanese<\/p>\r\n\t\t\t\t<\/div>\r\n\t\t\t\t\t\t\t<div class=\"expert\">\r\n\t\t\t\t\t<img decoding=\"async\" class=\"photo\" src=\"https:\/\/www.inetcc.com\/wp-content\/uploads\/2025\/12\/Tran.jpg\" alt=\"\">\r\n\t\t\t\t\t<h5 class=\"name\">Quang Tran Le<\/h5>\r\n\t\t\t\t\t<h6 class=\"position\">Chief Sales Officer  Vietnam <\/h6>\r\n\t\t\t\t\t<p class=\"description\">10 years of experience in customer relations management. Develops and implements short- and long-term commercial strategies to achieve objectives. Analyses operational efficiency, processes and stakeholders.<\/p>\r\n\t\t\t\t<\/div>\r\n\t\t\t\t\t\t\t<div class=\"expert\">\r\n\t\t\t\t\t<img decoding=\"async\" class=\"photo\" src=\"https:\/\/www.inetcc.com\/wp-content\/uploads\/2025\/10\/Kurt.jpg\" alt=\"\">\r\n\t\t\t\t\t<h5 class=\"name\">Kurt Junek<\/h5>\r\n\t\t\t\t\t<h6 class=\"position\">CEO Peru<\/h6>\r\n\t\t\t\t\t<p class=\"description\">Systems Engineer with 18 years of experience in the BPO Call Center industry. Recognized for strengthening interpersonal relationships and fostering collaborative, high-performance environments.<\/p>\r\n\t\t\t\t<\/div>\r\n\t\t\t\t\t<\/div>\r\n\t<\/div>\r\n\r\n<\/section>","protected":false},"excerpt":{"rendered":"","protected":false},"author":1,"featured_media":0,"parent":0,"menu_order":0,"comment_status":"closed","ping_status":"closed","template":"","meta":{"_acf_changed":false,"footnotes":""},"class_list":["post-1351","page","type-page","status-publish","hentry"],"acf":[],"_links":{"self":[{"href":"https:\/\/www.inetcc.com\/en\/wp-json\/wp\/v2\/pages\/1351","targetHints":{"allow":["GET"]}}],"collection":[{"href":"https:\/\/www.inetcc.com\/en\/wp-json\/wp\/v2\/pages"}],"about":[{"href":"https:\/\/www.inetcc.com\/en\/wp-json\/wp\/v2\/types\/page"}],"author":[{"embeddable":true,"href":"https:\/\/www.inetcc.com\/en\/wp-json\/wp\/v2\/users\/1"}],"replies":[{"embeddable":true,"href":"https:\/\/www.inetcc.com\/en\/wp-json\/wp\/v2\/comments?post=1351"}],"version-history":[{"count":63,"href":"https:\/\/www.inetcc.com\/en\/wp-json\/wp\/v2\/pages\/1351\/revisions"}],"predecessor-version":[{"id":6189,"href":"https:\/\/www.inetcc.com\/en\/wp-json\/wp\/v2\/pages\/1351\/revisions\/6189"}],"wp:attachment":[{"href":"https:\/\/www.inetcc.com\/en\/wp-json\/wp\/v2\/media?parent=1351"}],"curies":[{"name":"wp","href":"https:\/\/api.w.org\/{rel}","templated":true}]}}